{"id":197,"date":"2010-03-31T07:52:38","date_gmt":"2010-03-31T06:52:38","guid":{"rendered":"http:\/\/stowarzyszenie.e-kwidzyn.pl\/?page_id=197"},"modified":"2014-03-13T19:50:36","modified_gmt":"2014-03-13T18:50:36","slug":"wladze-stowarzyszenia","status":"publish","type":"page","link":"http:\/\/stowarzyszenie.e-kwidzyn.pl\/?page_id=197","title":{"rendered":"W\u0142adze"},"content":{"rendered":"<p>Sk\u0142ad zarz\u0105du Stowarzyszenia Promocji Medialnej e-Kwidzyn<\/p>\n<p><strong>Prezes:<\/strong><br \/>\nGrzegorz Drosi\u0144ski<\/p>\n<p><strong>Cz\u0142onkowie zarz\u0105du:<\/strong><\/p>\n<p><strong>V-ce Prezes:<\/strong><br \/>\nTomasz Krzaczkowski<\/p>\n<p><strong>Sekretarz:<\/strong><br \/>\nAgata Dybowska<\/p>\n<p><strong>Skarbnik:<\/strong><br \/>\nObecnie brak<\/p>\n","protected":false},"excerpt":{"rendered":"<p>Sk\u0142ad zarz\u0105du Stowarzyszenia Promocji Medialnej e-Kwidzyn Prezes: Grzegorz Drosi\u0144ski Cz\u0142onkowie zarz\u0105du: V-ce Prezes: Tomasz Krzaczkowski Sekretarz: Agata Dybowska Skarbnik: Obecnie brak<\/p>\n","protected":false},"author":1,"featured_media":0,"parent":0,"menu_order":3,"comment_status":"open","ping_status":"open","template":"","meta":[],"_links":{"self":[{"href":"http:\/\/stowarzyszenie.e-kwidzyn.pl\/index.php?rest_route=\/wp\/v2\/pages\/197"}],"collection":[{"href":"http:\/\/stowarzyszenie.e-kwidzyn.pl\/index.php?rest_route=\/wp\/v2\/pages"}],"about":[{"href":"http:\/\/stowarzyszenie.e-kwidzyn.pl\/index.php?rest_route=\/wp\/v2\/types\/page"}],"author":[{"embeddable":true,"href":"http:\/\/stowarzyszenie.e-kwidzyn.pl\/index.php?rest_route=\/wp\/v2\/users\/1"}],"replies":[{"embeddable":true,"href":"http:\/\/stowarzyszenie.e-kwidzyn.pl\/index.php?rest_route=%2Fwp%2Fv2%2Fcomments&post=197"}],"version-history":[{"count":20,"href":"http:\/\/stowarzyszenie.e-kwidzyn.pl\/index.php?rest_route=\/wp\/v2\/pages\/197\/revisions"}],"predecessor-version":[{"id":294,"href":"http:\/\/stowarzyszenie.e-kwidzyn.pl\/index.php?rest_route=\/wp\/v2\/pages\/197\/revisions\/294"}],"wp:attachment":[{"href":"http:\/\/stowarzyszenie.e-kwidzyn.pl\/index.php?rest_route=%2Fwp%2Fv2%2Fmedia&parent=197"}],"curies":[{"name":"wp","href":"https:\/\/api.w.org\/{rel}","templated":true}]}}