{"id":129,"date":"2009-04-03T17:36:41","date_gmt":"2009-04-03T16:36:41","guid":{"rendered":"http:\/\/stowarzyszenie.e-kwidzyn.pl\/?page_id=129"},"modified":"2010-03-31T07:56:38","modified_gmt":"2010-03-31T06:56:38","slug":"statut","status":"publish","type":"page","link":"http:\/\/stowarzyszenie.e-kwidzyn.pl\/?page_id=129","title":{"rendered":"Statut"},"content":{"rendered":"<div style=\"text-align: center;\"><span style=\"font-weight: bold;\">Statut Stowarzyszenia Promocji Medialnej \u201ee-Kwidzyn\u201d<br \/>\n<\/span><\/div>\n<div><strong>Rozdzia\u0142 I<\/strong><br \/>\nPostanowienia lokalne<\/div>\n<div style=\"text-align: center;\">\u00a71<\/div>\n<p>Stowarzyszenie Promocji Medialnej \u201ee-Kwidzyn\u201dzwane dalej Stowarzyszeniem jest organizacj\u0105 dzia\u0142aj\u0105c\u0105 na podstawie prawa polskiego.<\/p>\n<div style=\"text-align: center;\">\u00a72<\/div>\n<p>Terenem dzia\u0142ania Stowarzyszenia jest obszar Rzeczypospolitej Polskiej.<\/p>\n<div style=\"text-align: center;\">\u00a73<\/div>\n<p>Siedzib\u0105 w\u0142adz Stowarzyszenia jest miasto Kwidzyn.<\/p>\n<div style=\"text-align: center;\">\u00a74<\/div>\n<p>Stowarzyszenie wsp\u00f3\u0142pracuje z lokalnymi, krajowymi, zagranicznymi i mi\u0119dzynarodowymi organizacjami, o tym samym lub podobnym profilu dzia\u0142ania.<\/p>\n<div style=\"text-align: center;\">\u00a75<\/div>\n<p>Dzia\u0142alno\u015b\u0107 Stowarzyszenia opiera si\u0119 na pracy spo\u0142ecznej cz\u0142onk\u00f3w. Przewiduje si\u0119 mo\u017cliwo\u015b\u0107 etatowego zatrudniania pracownik\u00f3w dla prowadzenia dzia\u0142alno\u015bci statutowej i organizacyjnej.<\/p>\n<div style=\"text-align: center;\">\u00a76<\/div>\n<p>Stowarzyszenie mo\u017ce u\u017cywa\u0107 piecz\u0119ci i oznak, zgodnie z obowi\u0105zuj\u0105cymi w tym wzgl\u0119dzie przepisami.<\/p>\n<div style=\"text-align: center;\">\u00a77<\/div>\n<p>Stowarzyszenie powo\u0142uje si\u0119 na czas nieokre\u015blony.<\/p>\n<div><strong>Rozdzia\u0142 II<br \/>\n<\/strong>Cele i formy dzia\u0142ania Stowarzyszenia<\/div>\n<div style=\"text-align: center;\">\u00a71<\/div>\n<p>Celem Stowarzyszenia jest:<\/p>\n<p>a) promowanie medialne wszelkich dzia\u0142a\u0144 wynikaj\u0105cych z aktywno\u015bci lokalnej ze szczeg\u00f3lnym ukierunkowaniem na Kwidzyn i okolice,<br \/>\nb) wspieranie spo\u0142ecznej aktywno\u015bci obywateli z wykorzystaniem medi\u00f3w elektronicznych,<br \/>\nc) integrowanie aktywnych grup obywateli w zakresie ich zainteresowa\u0144 ze szczeg\u00f3lnym uwzgl\u0119dnieniem takich dziedzin jak fotografika, historia, literatura, architektura, technika, muzyka, ekologia i turystyka,<br \/>\nd) pomoc w wymianie informacji, wiedzy i do\u015bwiadcze\u0144 mi\u0119dzy cz\u0142onkami stowarzyszenia i jego sympatykami,<br \/>\ne) wsp\u00f3\u0142dzia\u0142ania z samorz\u0105dem terytorialnym, sektorem pa\u0144stwowym i gospodarczym oraz politykami w zakresie statutowych cel\u00f3w Stowarzyszenia,<br \/>\nf) opiniowanie akt\u00f3w prawnych dotycz\u0105cych wa\u017cnych kwestii spo\u0142eczno\u015bci lokalnej,<br \/>\ng) przyczynianie si\u0119 do tworzenia to\u017csamo\u015bci \u015brodowiskowej i historycznej lokalnej spo\u0142eczno\u015bci.<\/p>\n<div style=\"text-align: center;\">\u00a72<\/div>\n<p>Stowarzyszenie realizuje swoje cele, zgodnie z obowi\u0105zuj\u0105cymi przepisami, w szczeg\u00f3lno\u015bci poprzez:<\/p>\n<p>a) prowadzenie dzia\u0142alno\u015bci informacyjnej, promocyjnej, szkoleniowej, badawczej, wystawienniczej i wydawniczej s\u0142u\u017c\u0105cej realizacji cel\u00f3w statutowych,<br \/>\nb) dzia\u0142ania oparte na mediach elektronicznych takie jak \u201eNiezale\u017cne Forum Mieszka\u0144c\u00f3w Kwidzyna\u201d, miejski portal informacyjny \u201ee-Kwidzyn\u201d , internetowa galeria fotograficzna \u201ee-Kwidzyn\u201d oraz inne zwi\u0105zane ze Stowarzyszeniem strony www,<br \/>\nc) wsp\u00f3\u0142prac\u0119 z polskimi i zagranicznymi organizacjami pozarz\u0105dowymi o tym samym lub podobnym charakterze,<br \/>\nd) wsp\u00f3\u0142prac\u0119 z w\u0142adzami samorz\u0105dowymi, pa\u0144stwowymi, sektorem gospodarczym, \u015brodkami masowego przekazu oraz z osobisto\u015bciami \u017cycia publicznego, zainteresowanymi wsp\u00f3\u0142prac\u0105 i rozwojem Stowarzyszenia,<br \/>\ne) tworzenie sieci wsp\u00f3\u0142pracownik\u00f3w lokalnych Stowarzyszenia,<br \/>\nf) pomoc w zdobywaniu funduszy osobom wsp\u00f3\u0142organizuj\u0105cym i koordynuj\u0105cym dzia\u0142ania Stowarzyszenia,<br \/>\ng) gromadzenie materia\u0142\u00f3w historycznych, kartograficznych, ikonograficznych i innych dokument\u00f3w i udost\u0119pnianie ich zainteresowanym.<\/p>\n<div><strong>Rozdzia\u0142 III<br \/>\n<\/strong>Cz\u0142onkowie, ich prawa i obowi\u0105zki<\/div>\n<div style=\"text-align: center;\">\u00a71<\/div>\n<p>Cz\u0142onkowie Stowarzyszenia dziel\u0105 si\u0119 na:<\/p>\n<p>a) cz\u0142onk\u00f3w zwyczajnych,<br \/>\nb) cz\u0142onk\u00f3w wspieraj\u0105cych,<br \/>\nc) cz\u0142onk\u00f3w honorowych.<\/p>\n<div style=\"text-align: center;\">\u00a72<\/div>\n<p>Osoba prawna mo\u017ce by\u0107 jedynie cz\u0142onkiem wspieraj\u0105cym Stowarzyszenia.<\/p>\n<div style=\"text-align: center;\">\u00a73<\/div>\n<p>Cz\u0142onek zwyczajny<\/p>\n<p>Cz\u0142onkiem zwyczajnym mo\u017ce by\u0107 osoba, maj\u0105ca pe\u0142n\u0105 zdolno\u015b\u0107 do czynno\u015bci prawnych, pragn\u0105ca urzeczywistnia\u0107 cele Stowarzyszenia.<\/p>\n<p>Przyj\u0119cia w poczet cz\u0142onk\u00f3w dokonuje Zarz\u0105d uchwa\u0142\u0105 podj\u0119t\u0105 w ci\u0105gu dw\u00f3ch miesi\u0119cy od daty z\u0142o\u017cenia deklaracji zawieraj\u0105cej rekomendacj\u0119 dw\u00f3ch cz\u0142onk\u00f3w zwyczajnych. Zainteresowany winien by\u0107 zawiadomiony na pi\u015bmie w ci\u0105gu 15 dni od daty podj\u0119cia uchwa\u0142y. W razie odmowy przyj\u0119cia na cz\u0142onka, zainteresowany ma prawo w terminie jednego miesi\u0105ca od daty jej dor\u0119czenia z\u0142o\u017cy\u0107 na r\u0119ce Zarz\u0105du odwo\u0142anie do Walnego Zebrania. Zebranie rozpatruje odwo\u0142anie w czasie najbli\u017cszych obrad. Stanowisko Walnego Zebrania jest ostateczne.<\/p>\n<p>Cz\u0142onek zwyczajny ma prawo:<\/p>\n<p>a) wybiera\u0107 i by\u0107 wybieranym do w\u0142adz Stowarzyszenia,<br \/>\nb) zg\u0142asza\u0107 wnioski w sprawach zwi\u0105zanych z dzia\u0142alno\u015bci\u0105 Stowarzyszenia,<br \/>\nc) korzystania z pomocy i zaplecza Stowarzyszenia w podejmowanych dzia\u0142aniach zgodnych z jego celami statutowymi.<\/p>\n<p>Cz\u0142onek zwyczajny ma obowi\u0105zek:<\/p>\n<p>a) przestrzegania postanowie\u0144 statutu, regulamin\u00f3w i uchwa\u0142 w\u0142adz Stowarzyszenia,<br \/>\nb) regularnego op\u0142acania sk\u0142adek cz\u0142onkowskich,<br \/>\nc) aktywnego uczestniczenia w realizacji cel\u00f3w Stowarzyszenia.<\/p>\n<div style=\"text-align: center;\">\u00a74<\/div>\n<p>Cz\u0142onek honorowy<\/p>\n<p>1.Cz\u0142onkiem honorowym Stowarzyszenia mo\u017ce zosta\u0107 osoba fizyczna szczeg\u00f3lnie zas\u0142u\u017cona dla rozwoju  spo\u0142ecze\u0144stwa obywatelskiego.<br \/>\n2.Godno\u015b\u0107 cz\u0142onka honorowego nadaje Walne Zebranie na wniosek Zarz\u0105du Stowarzyszenia.<br \/>\n3.Cz\u0142onek honorowy ma wszystkie prawa cz\u0142onka zwyczajnego Stowarzyszenia.<br \/>\n4.Cz\u0142onek honorowy ma obowi\u0105zek przestrzegania Statutu i uchwa\u0142 w\u0142adz Stowarzyszenia.<\/p>\n<div style=\"text-align: center;\">\u00a75<\/div>\n<p>Cz\u0142onek wspieraj\u0105cy<\/p>\n<p>1.Cz\u0142onkiem wspieraj\u0105cym Stowarzyszenia mo\u017ce zosta\u0107 osoba prawna lub fizyczna uznaj\u0105ca cele Stowarzyszenia, kt\u00f3ra chce wspomaga\u0107 jego dzia\u0142alno\u015b\u0107 statutow\u0105.<br \/>\n2.Przyj\u0119cia na cz\u0142onka wspieraj\u0105cego dokonuje Zarz\u0105d Stowarzyszenia na podstawie podpisanej deklaracji.<br \/>\n3.Cz\u0142onek wspieraj\u0105cy ma prawo z g\u0142osem doradczym bra\u0107 udzia\u0142, za po\u015brednictwem swojego przedstawiciela, w pracach Stowarzyszenia, zg\u0142asza\u0107 do w\u0142adz Stowarzyszenia wnioski i postulaty dotycz\u0105ce podejmowanych przez Stowarzyszenie zada\u0144.<br \/>\n4.Cz\u0142onek wspieraj\u0105cy jest zobowi\u0105zany do regularnego wywi\u0105zywania si\u0119 z deklarowanych \u015bwiadcze\u0144 i przestrzegania ustale\u0144 zawartych w podpisanej deklaracji.<\/p>\n<div style=\"text-align: center;\">\u00a76<\/div>\n<p>Ustanie cz\u0142onkostwa<\/p>\n<p>1.Ustanie cz\u0142onkostwa nast\u0119puje poprzez uchwa\u0142\u0119 Zarz\u0105du o skre\u015bleniu z listy cz\u0142onk\u00f3w lub wykluczeniu cz\u0142onka.<br \/>\n2.Skre\u015blenie z listy cz\u0142onk\u00f3w nast\u0119puje w przypadku:<br \/>\na) dobrowolnego wyst\u0105pienia ze Stowarzyszenia,<br \/>\nb) automatycznego skre\u015blenia z listy cz\u0142onk\u00f3w z powodu nieusprawiedliwionego zalegania z op\u0142at\u0105 sk\u0142adek cz\u0142onkowskich za okres dw\u00f3ch lat, je\u015bli sk\u0142adki zbierane s\u0105 rocznie,<br \/>\nc) \u015bmierci cz\u0142onka lub likwidacji osoby prawnej, b\u0119d\u0105cej cz\u0142onkiem wspieraj\u0105cym.<br \/>\n3.Wykluczenie cz\u0142onka nast\u0119puje w przypadku:<br \/>\na) dzia\u0142ania na szkod\u0119 Stowarzyszenia,<br \/>\nb) naruszania postanowie\u0144 statutu, regulamin\u00f3w i uchwa\u0142 w\u0142adz Stowarzyszenia,<br \/>\nc) pope\u0142nienia czynu ha\u0144bi\u0105cego.<br \/>\n4. Od uchwa\u0142 Zarz\u0105du o skre\u015bleniu lub wykluczeniu przys\u0142uguje cz\u0142onkom odwo\u0142anie do Walnego Zgromadzenia w terminie 14 dni od dnia dor\u0119czenia uchwa\u0142y na pi\u015bmie.<\/p>\n<div><strong>Rozdzia\u0142 IV<br \/>\n<\/strong>W\u0142adze Stowarzyszenia<\/div>\n<div style=\"text-align: center;\">\u00a71<\/div>\n<div style=\"text-align: left;\">W\u0142adzami Stowarzyszenia s\u0105:<\/div>\n<p>1.Walne Zebranie Cz\u0142onk\u00f3w Stowarzyszenia, zwane dalej &#8222;Walnym Zebraniem&#8221;.<br \/>\n2. Zarz\u0105d Stowarzyszenia, zwany dalej &#8222;Zarz\u0105dem&#8221;.<br \/>\n3.Komisja Rewizyjna.<br \/>\n4.S\u0105d Kole\u017ce\u0144ski<\/p>\n<div style=\"text-align: center;\">\u00a72<\/div>\n<p>Kadencja w\u0142adz Stowarzyszenia trwa 2 lata.<\/p>\n<div style=\"text-align: center;\">\u00a73<\/div>\n<p>W przypadku zmniejszenia si\u0119 liczby obieralnych cz\u0142onk\u00f3w w\u0142adz w trakcie trwania kadencji, Zarz\u0105d zwo\u0142uje Walne Zebranie w celu odbycia wybor\u00f3w uzupe\u0142niaj\u0105cych.<\/p>\n<div style=\"text-align: center;\">\u00a74<\/div>\n<p>Walne Zebranie Cz\u0142onk\u00f3w Stowarzyszenia<\/p>\n<p>1.Walne zebranie jest najwy\u017csz\u0105 w\u0142adz\u0105 Stowarzyszenia. Walne Zebrania Cz\u0142onk\u00f3w mog\u0105 by\u0107:<br \/>\na) zwyczajne,<br \/>\nb) nadzwyczajne,<br \/>\nc) robocze.<br \/>\nO terminie Zwyczajnego i Nadzwyczajnego Walnego Zebrania wraz z proponowanym porz\u0105dkiem obrad Zarz\u0105d zawiadamia cz\u0142onk\u00f3w pisemnie na 20 dni przed terminem obrad.<br \/>\n2.Zwyczajne Walne Zebranie jest zwo\u0142ywane raz na rok przez Zarz\u0105d &#8222;Stowarzyszenia&#8221;.<br \/>\n3.Nadzwyczajne Walne Zebranie Cz\u0142onk\u00f3w zwo\u0142ywane jest przez Zarz\u0105d:<br \/>\na) z inicjatywy Zarz\u0105du,<br \/>\nb) na wniosek Komisji Rewizyjnej,<br \/>\nc) na pisemny wniosek co najmniej 1\/3 og\u00f3lnej liczby cz\u0142onk\u00f3w.<br \/>\nNadzwyczajne Walne Zebranie musi odby\u0107 si\u0119 nie p\u00f3\u017aniej ni\u017c 30 dni od zg\u0142oszenia wniosku.<br \/>\n4.Robocze Walne Zebranie jest organizowane zgodnie z regulaminem prac Zarz\u0105du.<br \/>\n5.Uchwa\u0142y Zwyczajnego i Nadzwyczajnego Walnego Zebrania Cz\u0142onk\u00f3w s\u0105 podejmowane w g\u0142osowaniu jawnym zwyk\u0142\u0105 wi\u0119kszo\u015bci\u0105 g\u0142os\u00f3w w obecno\u015bci co najmniej ponad1\/2 og\u00f3lnej liczby cz\u0142onk\u00f3w,<br \/>\n5.1. W przypadku r\u00f3wnego roz\u0142o\u017cenia g\u0142os\u00f3w w trakcie g\u0142osowania, decyduje g\u0142os przewodnicz\u0105cego Walnego Zebrania.<br \/>\n6.Wybory do W\u0142adz Stowarzyszenia odbywaj\u0105 si\u0119 w g\u0142osowaniu tajnym w obecno\u015bci co najmniej ponad 1\/2 og\u00f3lnej liczby cz\u0142onk\u00f3w.<br \/>\n7.W razie braku quorum otwarcie Walnego Zebrania nast\u0119puje w drugim terminie, a jego wa\u017cno\u015b\u0107 nie jest zdeterminowana ilo\u015bci\u0105 obecnych na nim cz\u0142onk\u00f3w.<br \/>\n8.Walne Zebranie Cz\u0142onk\u00f3w:<br \/>\na) ustala kierunki i program dzia\u0142ania Stowarzyszenia,<br \/>\nb) rozpatruje i zatwierdza sprawozdania Zarz\u0105du i Komisji Rewizyjnej,<br \/>\nc) decyduje w sprawie udzielania absolutorium Zarz\u0105dowi,<br \/>\nd) wybiera Prezesa Zarz\u0105du, Zarz\u0105d i Komisj\u0119 Rewizyjn\u0105,<br \/>\ne) uchwala zmiany statutu Stowarzyszenia,<br \/>\nf) zatwierdza regulaminy Zarz\u0105du, Komisji Rewizyjnej i obrad Walnego Zebrania,<br \/>\ng) podejmuje uchwa\u0142\u0119 o rozwi\u0105zaniu Stowarzyszenia oraz o przeznaczeniu jego maj\u0105tku,<br \/>\nh) rozpatruje odwo\u0142ania od uchwa\u0142 Zarz\u0105du,<br \/>\ni) nadaje tytu\u0142y cz\u0142onka honorowego Stowarzyszenia.<\/p>\n<div style=\"text-align: center;\">\u00a75<\/div>\n<p>Zarz\u0105d Stowarzyszenia<\/p>\n<p>1.Zarz\u0105d kieruje ca\u0142okszta\u0142tem dzia\u0142alno\u015bci Stowarzyszenia zgodnie z uchwa\u0142ami Walnego Zebrania, reprezentuje je na zewn\u0105trz i ponosi odpowiedzialno\u015b\u0107 za swoj\u0105 prac\u0119 przed Walnym Zebraniem.<br \/>\n2.Zarz\u0105d sk\u0142ada si\u0119 minimum z 3 os\u00f3b (w tym Prezesa). Na pierwszym posiedzeniu Zarz\u0105d mo\u017ce ze swego grona wybra\u0107 wiceprezesa, sekretarza i skarbnika. Uchwa\u0142y podejmowane s\u0105 zwyk\u0142\u0105 wi\u0119kszo\u015bci\u0105 g\u0142os\u00f3w w obecno\u015bci co najmniej ponad1\/2 og\u00f3lnej liczby cz\u0142onk\u00f3w Zarz\u0105du. W sytuacji r\u00f3wnego roz\u0142o\u017cenia g\u0142os\u00f3w decyduje g\u0142os Prezesa.<br \/>\n3.Szczeg\u00f3\u0142owe uprawnienia, organizacj\u0119 pracy oraz tryb obradowania okre\u015bla regulamin Zarz\u0105du.<br \/>\n4.Zarz\u0105d Stowarzyszenia zbiera si\u0119 w miar\u0119 potrzeb, lecz nie rzadziej ni\u017c raz na 3 miesi\u0105ce.<br \/>\n5.Zarz\u0105d Stowarzyszenia zobowi\u0105zany jest do:<br \/>\na) realizowania zada\u0144 statutowych zgodnie z wytycznymi, uchwa\u0142ami i zaleceniami Walnego Zebrania,<br \/>\nb) uchwalania okresowych plan\u00f3w dzia\u0142alno\u015bci merytorycznej i finansowej,<br \/>\nc) przedstawiania sprawozda\u0144 ze swojej dzia\u0142alno\u015bci Walnemu Zebraniu,<br \/>\nd) zarz\u0105dzania maj\u0105tkiem i podejmowania uchwa\u0142 w sprawie dotacji, darowizn, spadk\u00f3w, zapis\u00f3w, \u015brodk\u00f3w pochodz\u0105cych z ofiarno\u015bci publicznej, dotacji i kontrakt\u00f3w pa\u0144stwowych,<br \/>\ne) ustalania wysoko\u015bci wynagrodze\u0144 za prac\u0119 na rzecz Stowarzyszenia.<br \/>\n6.Do sk\u0142adania o\u015bwiadcze\u0144 woli we wszystkich sprawach maj\u0105tkowych Stowarzyszenia, zawierania um\u00f3w i udzielania pe\u0142nomocnictw wymagany jest podpis dw\u00f3ch cz\u0142onk\u00f3w Zarz\u0105du.<br \/>\n7.Prezes Zarz\u0105du zwo\u0142uje posiedzenia Zarz\u0105du i im przewodniczy.<br \/>\n8.Do realizacji swych zada\u0144 Zarz\u0105d powo\u0142uje Biuro Stowarzyszenia i jego Dyrektora.<br \/>\n8.1 Dyrektor kieruje pracami Biura na podstawie regulaminu, kt\u00f3ry podlega akceptacji Zarz\u0105du.<\/p>\n<div style=\"text-align: center;\">\u00a76<\/div>\n<p>Komisja Rewizyjna<\/p>\n<p>1.Komisja Rewizyjna jest organem kontrolnym Stowarzyszenia i sk\u0142ada si\u0119 z 3 os\u00f3b.<br \/>\n2.Komisja Rewizyjna wybiera ze swego grona przewodnicz\u0105cego, jego zast\u0119pc\u0119 i sekretarza.<br \/>\n3.Cz\u0142onkowie Komisji Rewizyjnej nie mog\u0105 pe\u0142ni\u0107 innych funkcji we w\u0142adzach Stowarzyszenia.<br \/>\n4.Cz\u0142onkowie Komisji maj\u0105 prawo:<br \/>\na) uczestniczy\u0107 w zebraniach Zarz\u0105du z g\u0142osem doradczym,<br \/>\nb) wnioskowa\u0107 o zwo\u0142anie Nadzwyczajnego Walnego Zebrania.<br \/>\n5.Komisja Rewizyjna dzia\u0142a na podstawie w\u0142asnego regulaminu. Uchwa\u0142y Komisji Rewizyjnej podejmowane s\u0105 zwyk\u0142\u0105 wi\u0119kszo\u015bci\u0105 g\u0142os\u00f3w w obecno\u015bci wszystkich jej cz\u0142onk\u00f3w.<br \/>\n6.Komisja Rewizyjna ma obowi\u0105zek m in.:<br \/>\na) kontrolowania co najmniej raz w roku ca\u0142okszta\u0142tu dzia\u0142alno\u015bci Stowarzyszenia,<br \/>\nb) przedstawiania Zarz\u0105dowi uwag i wniosk\u00f3w oraz zalece\u0144 pokontrolnych, dotycz\u0105cych dzia\u0142alno\u015bci statutowej i finansowej Stowarzyszenia,<br \/>\nc) sk\u0142adania sprawozda\u0144 ze swej dzia\u0142alno\u015bci Walnemu Zebraniu,<br \/>\nd) sk\u0142adania wniosk\u00f3w o udzielanie absolutorium Zarz\u0105dowi.<br \/>\n7.Cz\u0142onkowie Komisji pracuj\u0105 spo\u0142ecznie.<\/p>\n<div style=\"text-align: center;\">\u00a77<\/div>\n<p>S\u0105d Kole\u017ce\u0144ski<\/p>\n<p>1.   S\u0105d Kole\u017ce\u0144ski sk\u0142ada si\u0119 z 3 cz\u0142onk\u00f3w Stowarzyszenia nie b\u0119d\u0105cych jednocze\u015bnie cz\u0142onkami Zarz\u0105du lub Komisji Rewizyjnej.<br \/>\n2. S\u0105d Kole\u017ce\u0144ski powo\u0142any zostaje na pierwszym Walnym Zebraniu Stowarzyszenia, przez cz\u0142onk\u00f3w Stowarzyszenia bior\u0105cych w nim udzia\u0142, bezwzgl\u0119dn\u0105 wi\u0119kszo\u015bci\u0105 g\u0142os\u00f3w.<br \/>\n3.   Kadencja cz\u0142onk\u00f3w S\u0105du Kole\u017ce\u0144skiego ko\u0144czy si\u0119 wraz z powo\u0142aniem nowych w\u0142adz Stowarzyszenia.<br \/>\n4.   Cz\u0142onkowie S\u0105du Kole\u017ce\u0144skiego sprawuj\u0105 swe funkcje do czasu powo\u0142ania nowego sk\u0142adu S\u0105du.<br \/>\n5. S\u0105d Kole\u017ce\u0144ski powo\u0142any zostaje w celu rozpatrywania ka\u017cdego pisemnego wniosku, przed\u0142o\u017conego przez ka\u017cdego cz\u0142onka Stowarzyszenia, zwi\u0105zanego z funkcjonowaniem Stowarzyszenia i dotycz\u0105cego jego cz\u0142onk\u00f3w.<br \/>\n6.   Do kompetencji S\u0105du Kole\u017ce\u0144skiego nale\u017cy rozpatrywanie skarg i wniosk\u00f3w wniesionych na w\u0142adze Stowarzyszenia.<br \/>\n7. W celu wszcz\u0119cia post\u0119powania przed S\u0105dem, cz\u0142onek Stowarzyszenia winien wnie\u015b\u0107 pisemny wniosek. S\u0105d zobowi\u0105zany jest do ustosunkowania si\u0119 do wspomnianego wniosku w terminie nie d\u0142u\u017cszym ni\u017c 1 miesi\u0105c.<br \/>\n8. Rozpoznaj\u0105c wniosek S\u0105d Kole\u017ce\u0144ski zobowi\u0105zany jest do wnikliwego i sumiennego zapoznania si\u0119 z przedmiotem sprawy. W tym celu mo\u017ce on \u017c\u0105da\u0107 wyja\u015bnie\u0144 od cz\u0142onk\u00f3w Stowarzyszenia, zwi\u0105zanych ze spraw\u0105, a tak\u017ce wnosi\u0107 o dostarczenie wszelkich dokument\u00f3w, mog\u0105cych pom\u00f3c w wyja\u015bnieniu sprawy.<br \/>\n9. Po rozpoznaniu sprawy S\u0105d zamyka post\u0119powanie wydaj\u0105c orzeczenie, kt\u00f3re winno by\u0107 podane do wiadomo\u015bci wszystkich cz\u0142onk\u00f3w Stowarzyszenia.<br \/>\n10. Orzeczenia S\u0105du Kole\u017ce\u0144skiego podejmowane s\u0105 w pe\u0142nym sk\u0142adzie.<br \/>\n11. Stronom sporu przys\u0142uguje prawo odwo\u0142ania si\u0119 od orzeczenia S\u0105du.<br \/>\n12. Organem odwo\u0142awczym od orzecze\u0144 S\u0105du Kole\u017ce\u0144skiego jest Walne Zebranie, kt\u00f3remu przys\u0142uguje prawo ponownego rozpatrzenia zaskar\u017conego wniosku.<\/p>\n<div style=\"text-align: left;\"><strong>Rozdzia\u0142 V<br \/>\n<\/strong>Maj\u0105tek i gospodarka finansowa<\/div>\n<div style=\"text-align: center;\">\u00a71<\/div>\n<p>Maj\u0105tek Stowarzyszenia sk\u0142ada si\u0119 z:<\/p>\n<p>a) sk\u0142adek cz\u0142onkowskich cz\u0142onk\u00f3w zwyczajnych,<br \/>\nb) dotacji, darowizn, spadk\u00f3w i zapis\u00f3w oraz \u015brodk\u00f3w pochodz\u0105cych z ofiarno\u015bci prywatnej,<br \/>\nc) wp\u0142yw\u00f3w z dzia\u0142alno\u015bci statutowej,<br \/>\nd) dochod\u00f3w z maj\u0105tku Stowarzyszenia,<br \/>\ne) dotacji i kontrakt\u00f3w pa\u0144stwowych,<\/p>\n<p>1. Wysoko\u015b\u0107 sk\u0142adek ustalana jest przez Walne Zebranie.<br \/>\n2. Doch\u00f3d uzyskany s\u0142u\u017cy realizacji cel\u00f3w statutowych i nie mo\u017ce by\u0107 przeznaczony do podzia\u0142u mi\u0119dzy cz\u0142onk\u00f3w Stowarzyszenia.<br \/>\n3. Do nabywania, zbywania i obci\u0105\u017cania maj\u0105tku, nieruchomo\u015bci oraz dysponowania \u015brodkami Stowarzyszenia upowa\u017cniony jest Zarz\u0105d.<\/p>\n<div><strong>Rozdzia\u0142 VI<br \/>\n<\/strong>Postanowienia ko\u0144cowe<\/div>\n<div style=\"text-align: center;\">\u00a71<\/div>\n<p>Zmiany Statutu jak i decyzja o rozwi\u0105zaniu Stowarzyszenia wymagaj\u0105 uchwa\u0142y Walnego Zebrania Cz\u0142onk\u00f3w powzi\u0119tej wi\u0119kszo\u015bci\u0105 2\/3 g\u0142os\u00f3w w obecno\u015bci co najmniej po\u0142owy liczby cz\u0142onk\u00f3w uprawnionych do g\u0142osowania.<\/p>\n<div style=\"text-align: center;\">\u00a72<\/div>\n<p>Uchwalaj\u0105c rozwi\u0105zanie Stowarzyszenia, Walne Zebranie powo\u0142uje Komisj\u0119 Likwidacyjn\u0105 a tak\u017ce wskazuje fundacje i stowarzyszenia nie nastawione na zysk o celach mo\u017cliwie najbli\u017cszych celom, powstania Stowarzyszenia, na kt\u00f3rych rzecz przejdzie maj\u0105tek Stowarzyszenia po zaspokojeniu jego zobowi\u0105za\u0144.<\/p>\n","protected":false},"excerpt":{"rendered":"<p>Statut Stowarzyszenia Promocji Medialnej \u201ee-Kwidzyn\u201d Rozdzia\u0142 I Postanowienia lokalne \u00a71 Stowarzyszenie Promocji Medialnej \u201ee-Kwidzyn\u201dzwane dalej Stowarzyszeniem jest organizacj\u0105 dzia\u0142aj\u0105c\u0105 na podstawie prawa polskiego. \u00a72 Terenem dzia\u0142ania Stowarzyszenia jest obszar Rzeczypospolitej Polskiej. \u00a73 Siedzib\u0105 w\u0142adz Stowarzyszenia jest miasto Kwidzyn. \u00a74 Stowarzyszenie wsp\u00f3\u0142pracuje z lokalnymi, krajowymi, zagranicznymi i mi\u0119dzynarodowymi organizacjami, o tym samym lub podobnym profilu dzia\u0142ania. [&hellip;]<\/p>\n","protected":false},"author":1,"featured_media":0,"parent":0,"menu_order":2,"comment_status":"open","ping_status":"open","template":"","meta":[],"_links":{"self":[{"href":"http:\/\/stowarzyszenie.e-kwidzyn.pl\/index.php?rest_route=\/wp\/v2\/pages\/129"}],"collection":[{"href":"http:\/\/stowarzyszenie.e-kwidzyn.pl\/index.php?rest_route=\/wp\/v2\/pages"}],"about":[{"href":"http:\/\/stowarzyszenie.e-kwidzyn.pl\/index.php?rest_route=\/wp\/v2\/types\/page"}],"author":[{"embeddable":true,"href":"http:\/\/stowarzyszenie.e-kwidzyn.pl\/index.php?rest_route=\/wp\/v2\/users\/1"}],"replies":[{"embeddable":true,"href":"http:\/\/stowarzyszenie.e-kwidzyn.pl\/index.php?rest_route=%2Fwp%2Fv2%2Fcomments&post=129"}],"version-history":[{"count":3,"href":"http:\/\/stowarzyszenie.e-kwidzyn.pl\/index.php?rest_route=\/wp\/v2\/pages\/129\/revisions"}],"predecessor-version":[{"id":131,"href":"http:\/\/stowarzyszenie.e-kwidzyn.pl\/index.php?rest_route=\/wp\/v2\/pages\/129\/revisions\/131"}],"wp:attachment":[{"href":"http:\/\/stowarzyszenie.e-kwidzyn.pl\/index.php?rest_route=%2Fwp%2Fv2%2Fmedia&parent=129"}],"curies":[{"name":"wp","href":"https:\/\/api.w.org\/{rel}","templated":true}]}}